{"id":3929,"date":"2017-05-05T04:19:27","date_gmt":"2017-05-05T01:19:27","guid":{"rendered":"http:\/\/www.danteproject.de\/home\/"},"modified":"2019-05-23T12:53:25","modified_gmt":"2019-05-23T09:53:25","slug":"home","status":"publish","type":"page","link":"https:\/\/www.danteproject.de\/de\/","title":{"rendered":"Zuhause"},"content":{"rendered":"<p>[vc_row css_animation=&#8220;none&#8220; overlay_dotted=&#8220;&#8220; css=&#8220;.vc_custom_1557317907082{margin-top: 115px !important;}&#8220; el_class=&#8220;brxy-about&#8220;][vc_column]\n          <div class=\"brxy-container aligncenter brxy-heading-69ef9eba2fca1  vc_custom_1558429549139\">\n          <h2 class=\"about-title\">Wir haben 16 Jahre Erfahrung auf diesem Gebiet.<br \/>\nWir wissen was Sie wollen.<\/h2><div class=\"about-description\" style=\"line-height: 1.9;\"><p>Dante ist seit 2003 im Bereich Innenarchitektur und schl\u00fcsselfertig t\u00e4tig. Das Unternehmen verf\u00fcgt \u00fcber Erfahrung in Hotels, Gastronomieunternehmen, Wohngebieten und Gesch\u00e4ftszentren. Dante hat schl\u00fcsselfertige Projekte in Hotel- und High-End-Restaurantprojekten auf internationaler Ebene abgeschlossen. Das Unternehmen macht einen Unterschied in seinen Projekten mit seiner Marke Dante Hotel Furniture in seinem Fachgebiet und realisiert seine Produktion mit seiner Marke auf dem 4.500 m2 gro\u00dfen Gebiet in Antalya.<\/p>\n<\/div><\/div>[\/vc_column][\/vc_row][vc_row overlay_dotted=&#8220;&#8220; css=&#8220;.vc_custom_1556794384976{margin-bottom: 91px !important;}&#8220;][vc_column]    <div class=\"container\">\n      <div class=\"brxy-services \">\n        <div class=\"row\">\n                    <div class=\"col-md-4 col-sm-6 col-xs-12\">\n            <div class=\"brxy-table-container\">\n                <div class=\"service-item\">\n              <a href=\"http:\/\/www.danteproject.de\/de\/dienstleistungen\/\"  class=\"service-wrap\">\n                <i aria-hidden=\"true\" class=\"icon-layers\"><\/i><span class=\"service-title\">FURNITURE(FF)<\/span>                <\/a>\n              <\/div>\n            <\/div>\n          <\/div>\n                    <div class=\"col-md-4 col-sm-6 col-xs-12\">\n            <div class=\"brxy-table-container\">\n                <div class=\"service-item\">\n              <a href=\"http:\/\/www.danteproject.de\/de\/dienstleistungen\/\" target=\"_blank\" class=\"service-wrap\">\n                <i aria-hidden=\"true\" class=\"icon-circle-compass\"><\/i><span class=\"service-title\">INTERIOR DESIGN(ID)<\/span>                <\/a>\n              <\/div>\n            <\/div>\n          <\/div>\n                    <div class=\"col-md-4 col-sm-6 col-xs-12\">\n            <div class=\"brxy-table-container\">\n                <div class=\"service-item\">\n              <a href=\"http:\/\/www.danteproject.de\/de\/dienstleistungen\/\" target=\"_blank\" class=\"service-wrap\">\n                <i aria-hidden=\"true\" class=\"icon-expand\"><\/i><span class=\"service-title\">FITOUT PROJECT MANAGEMENT(PM)<\/span>                <\/a>\n              <\/div>\n            <\/div>\n          <\/div>\n          \n        <\/div>\n      <\/div>\n    <\/div>\n\n[\/vc_column][\/vc_row][vc_row disable_element=&#8220;yes&#8220; overlay_dotted=&#8220;&#8220;][vc_column]      <div class=\"brxy-status  status-type-69ef9eba2fd70\">\n                  \n          <div class=\"col-md-3 col-sm-6\">\n            <div class=\"status-list\">\n              <span class=\"counter\">56<\/span>\n                              <div class=\"status-title\">Awards Winning<\/div>\n                          <\/div>\n          <\/div>\n                  \n          <div class=\"col-md-3 col-sm-6\">\n            <div class=\"status-list\">\n              <span class=\"counter\">954<\/span>\n                <span>+<\/span>              <div class=\"status-title\">Project Completed<\/div>\n                          <\/div>\n          <\/div>\n                  \n          <div class=\"col-md-3 col-sm-6\">\n            <div class=\"status-list\">\n              <span class=\"counter\">845<\/span>\n                <span>+<\/span>              <div class=\"status-title\">Happy Customers<\/div>\n                          <\/div>\n          <\/div>\n                  \n          <div class=\"col-md-3 col-sm-6\">\n            <div class=\"status-list\">\n              <span class=\"counter\">7165<\/span>\n                              <div class=\"status-title\">Hours Worked<\/div>\n                          <\/div>\n          <\/div>\n           \n      <\/div>\n[\/vc_column][\/vc_row][vc_row overlay_dotted=&#8220;&#8220; css=&#8220;.vc_custom_1494400804610{margin-top: 100px !important;}&#8220;][vc_column]\n          <div class=\" brxy-title-wrap  brxy-heading-69ef9eba2fd90  vc_custom_1558429594306\">\n          <div class=\"section-title\">UNTERST\u00dcTZTE PROJEKTE<\/div><div class=\"section-sub-title\">Mehr als 200 Projekte weltweit erfolgreich abgeschlossen.<\/div><\/div>[\/vc_column][\/vc_row][vc_row][vc_column]  <div class=\" brxy-project-69ef9eba2fdd6 brxy-projects \">\n          <div class=\"project-listings style1\"  >\n        \n    <!-- Project Start -->\n    <div class=\"project-row row\">\n                <div class=\"col-md-4 col-sm-4 col-sx-12 cat-design-de  \">\n            <div class=\"project-list\">\n              <div class=\"project-picture\">\n                <img src=\"https:\/\/www.danteproject.de\/wp-content\/uploads\/2019\/08\/jazz-bar-img-1.jpg\" alt=\"Jazz Bar M\u00fcnchen\">\n              <\/div>\n              <div class=\"project-info\">\n                <div class=\"brxy-table-container\">\n                  <div class=\"brxy-align-container\">\n                    <div class=\"project-title\"><a href=\"https:\/\/www.danteproject.de\/de\/projekt\/jazz-bar-munich\/\">Jazz Bar M\u00fcnchen<\/a>\n                    <\/div>\n                    <div class=\"project-category\">\n                    <span><a href=\"https:\/\/www.danteproject.de\/de\/projekt_kat\/design-de\/\" class=\"bpw-category\">Design<\/a><\/span>                     <\/div>\n                  <\/div>\n                <\/div>\n              <\/div>\n            <\/div>\n          <\/div>\n                  <div class=\"col-md-4 col-sm-4 col-sx-12 cat-design-de  \">\n            <div class=\"project-list\">\n              <div class=\"project-picture\">\n                <img src=\"https:\/\/www.danteproject.de\/wp-content\/uploads\/2019\/04\/pomodor-img-2.jpg\" alt=\"Pomodori Buonissimo Nollendorf\">\n              <\/div>\n              <div class=\"project-info\">\n                <div class=\"brxy-table-container\">\n                  <div class=\"brxy-align-container\">\n                    <div class=\"project-title\"><a href=\"https:\/\/www.danteproject.de\/de\/projekt\/pomodori-buonissimo-nollendorf\/\">Pomodori Buonissimo Nollendorf<\/a>\n                    <\/div>\n                    <div class=\"project-category\">\n                    <span><a href=\"https:\/\/www.danteproject.de\/de\/projekt_kat\/design-de\/\" class=\"bpw-category\">Design<\/a><\/span>                     <\/div>\n                  <\/div>\n                <\/div>\n              <\/div>\n            <\/div>\n          <\/div>\n                  <div class=\"col-md-4 col-sm-4 col-sx-12 cat-design-de  \">\n            <div class=\"project-list\">\n              <div class=\"project-picture\">\n                <img src=\"https:\/\/www.danteproject.de\/wp-content\/uploads\/2019\/05\/the-land-of-legends-kingdom.jpg\" alt=\"Rixos Land Of Legends &#038; Theme Park\">\n              <\/div>\n              <div class=\"project-info\">\n                <div class=\"brxy-table-container\">\n                  <div class=\"brxy-align-container\">\n                    <div class=\"project-title\"><a href=\"https:\/\/www.danteproject.de\/de\/projekt\/rixos-land-of-legends-theme-park\/\">Rixos Land Of Legends &#038; Theme Park<\/a>\n                    <\/div>\n                    <div class=\"project-category\">\n                    <span><a href=\"https:\/\/www.danteproject.de\/de\/projekt_kat\/design-de\/\" class=\"bpw-category\">Design<\/a><\/span>                     <\/div>\n                  <\/div>\n                <\/div>\n              <\/div>\n            <\/div>\n          <\/div>\n        \n      <\/div>\n    <\/div>\n  <\/div>\n    <!-- Project End -->\n\n    [\/vc_column][\/vc_row][vc_row content_placement=&#8220;middle&#8220; overlay_dotted=&#8220;&#8220; css=&#8220;.vc_custom_1493959316671{margin-bottom: 100px !important;}&#8220;][vc_column text_alignment=&#8220;text-center&#8220;]<div class=\"clearfix\"><a class=\"brxy-btn   brxy-btn-69ef9eba34d48 brxy-btn-medium  \" href=\"http:\/\/www.danteproject.de\/projekte\">Weitere Projekte<\/a><\/div>[\/vc_column][\/vc_row][vc_row parallax=&#8220;content-moving&#8220; parallax_image=&#8220;270&#8243; disable_element=&#8220;yes&#8220; overlay_dotted=&#8220;&#8220;][vc_column]    <!-- brxy testimonials -->\n    <div class=\"brxy-testimonial  brxy-testi-carousel-69ef9eba34d6c\">\n      <div class=\"container\">\n        <div class=\"brxy-container\">\n          <div class=\"brxy-carousel\" data-loop=\"false\" data-items=\"1\" data-margin=\"0\" data-nav=\"true\"   >\n            <div class=\"item\">\n                <p style=\"line-height: 1.6;\">Interior design needs to recognize and adapt to its surroundings , The role of the team in understanding how interior,exterior design choices impact the budget a specialist team of interior designers.\n\n&nbsp;<\/p><h6><span class=\"client-name\"><a href=\"#\" target=\"_blank\">Philip Hughes<\/a><\/span><span class=\"client-designation\">TL, Oca Bank<\/span><\/h6><\/div><div class=\"item\">\n                <p style=\"line-height: 1.6;\">Having no previous building experience we searched the internet for an architectural designer and after seeing Brixey we decided to engage the services of Architectural\u00a0Design Services.<\/p><h6><span class=\"client-name\"><a href=\"#\" target=\"_blank\">Will Turner<\/a><\/span><span class=\"client-designation\">MD, Genuine Creators<\/span><\/h6><\/div><div class=\"item\">\n                <p style=\"line-height: 1.6;\">I would like to thank Brixey Architectural Design Services for all of their hard work, ideas and inspiration and for being so approachable and easy to deal with. I would happily recommend them to anyone starting \u00a0project.<\/p><h6><span class=\"client-name\"><a href=\"#\" target=\"_blank\">Jack Sparrow<\/a><\/span><span class=\"client-designation\">CEO, Care Builders<\/span><\/h6><\/div>          <\/div>\n        <\/div>\n      <\/div>\n    <\/div>\n    [\/vc_column][\/vc_row][vc_row disable_element=&#8220;yes&#8220; overlay_dotted=&#8220;&#8220;][vc_column][vc_empty_space height=&#8220;113px&#8220;]\n          <div class=\" brxy-title-wrap  brxy-heading-69ef9eba3540f \">\n          <div class=\"section-title\">GENIUS TEAM MATES<\/div><div class=\"section-sub-title\">Our experienced &amp; creative architects behind with Brixey<\/div><\/div>    <div class=\"brxy-team  brxy-team-69ef9eba35450 \"> <!-- team Starts -->\n      <div class=\"container\">\n        <div class=\"team-wrap\">\n          <div class=\"row\">\n                    <div class=\"col-md-3 col-sm-6\">\n            <div class=\"mate-list\">\n              <div class=\"mate-picture\">\n                <div class=\"clearfix\"><img src=\"https:\/\/www.danteproject.de\/wp-content\/uploads\/2017\/05\/team-mate-1.png\" alt=\"\"><\/div>\n                <div class=\"mate-links\">\n                  <div class=\"brxy-table-container\">\n                    <div class=\"brxy-align-container\">\n                      <div class=\"brxy-moving-wrap\">\n                                              <a href=\"https:\/\/twitter.com\">\n                          <i class=\"fa fa-twitter\" aria-hidden=\"true\"><\/i>\n                        <\/a>\n                                              <a href=\"https:\/\/500px.com\">\n                          <i class=\"fa fa-500px\" aria-hidden=\"true\"><\/i>\n                        <\/a>\n                                              <a href=\"https:\/\/flickr.com\">\n                          <i class=\"fa fa-flickr\" aria-hidden=\"true\"><\/i>\n                        <\/a>\n                                            <\/div>\n                    <\/div>\n                  <\/div>\n                <\/div>\n              <\/div>\n              <div class=\"mate-info\">\n                <div class=\"mate-name\"><a href=\"#\">Adam Milne<\/a><\/div><div class=\"mate-designation\">Interior Designer <span>Partner<\/span><\/div>              <\/div>\n            <\/div>\n          <\/div>\n                      <div class=\"col-md-3 col-sm-6\">\n            <div class=\"mate-list\">\n              <div class=\"mate-picture\">\n                <div class=\"clearfix\"><img src=\"https:\/\/www.danteproject.de\/wp-content\/uploads\/2017\/05\/team-mate-1.png\" alt=\"\"><\/div>\n                <div class=\"mate-links\">\n                  <div class=\"brxy-table-container\">\n                    <div class=\"brxy-align-container\">\n                      <div class=\"brxy-moving-wrap\">\n                                              <a href=\"https:\/\/twitter.com\">\n                          <i class=\"fa fa-twitter\" aria-hidden=\"true\"><\/i>\n                        <\/a>\n                                              <a href=\"https:\/\/500px.com\">\n                          <i class=\"fa fa-500px\" aria-hidden=\"true\"><\/i>\n                        <\/a>\n                                              <a href=\"https:\/\/flickr.com\">\n                          <i class=\"fa fa-flickr\" aria-hidden=\"true\"><\/i>\n                        <\/a>\n                                            <\/div>\n                    <\/div>\n                  <\/div>\n                <\/div>\n              <\/div>\n              <div class=\"mate-info\">\n                <div class=\"mate-name\"><a href=\"#\">Landine Luke<\/a><\/div><div class=\"mate-designation\">Architect Director <span>Partner<\/span><\/div>              <\/div>\n            <\/div>\n          <\/div>\n                      <div class=\"col-md-3 col-sm-6\">\n            <div class=\"mate-list\">\n              <div class=\"mate-picture\">\n                <div class=\"clearfix\"><img src=\"https:\/\/www.danteproject.de\/wp-content\/uploads\/2017\/05\/team-mate-1.png\" alt=\"\"><\/div>\n                <div class=\"mate-links\">\n                  <div class=\"brxy-table-container\">\n                    <div class=\"brxy-align-container\">\n                      <div class=\"brxy-moving-wrap\">\n                                              <a href=\"https:\/\/twitter.com\">\n                          <i class=\"fa fa-twitter\" aria-hidden=\"true\"><\/i>\n                        <\/a>\n                                              <a href=\"https:\/\/500px.com\/\">\n                          <i class=\"fa fa-500px\" aria-hidden=\"true\"><\/i>\n                        <\/a>\n                                              <a href=\"https:\/\/flickr.com\">\n                          <i class=\"fa fa-flickr\" aria-hidden=\"true\"><\/i>\n                        <\/a>\n                                            <\/div>\n                    <\/div>\n                  <\/div>\n                <\/div>\n              <\/div>\n              <div class=\"mate-info\">\n                <div class=\"mate-name\"><a href=\"#\">Ben Thomson<\/a><\/div><div class=\"mate-designation\">Architect Manager <span>Partner<\/span><\/div>              <\/div>\n            <\/div>\n          <\/div>\n                      <div class=\"col-md-3 col-sm-6\">\n            <div class=\"mate-list\">\n              <div class=\"mate-picture\">\n                <div class=\"clearfix\"><img src=\"https:\/\/www.danteproject.de\/wp-content\/uploads\/2017\/05\/team-mate-1.png\" alt=\"\"><\/div>\n                <div class=\"mate-links\">\n                  <div class=\"brxy-table-container\">\n                    <div class=\"brxy-align-container\">\n                      <div class=\"brxy-moving-wrap\">\n                                              <a href=\"https:\/\/www.twitter.com\">\n                          <i class=\"fa fa-twitter\" aria-hidden=\"true\"><\/i>\n                        <\/a>\n                                              <a href=\"https:\/\/500px.com\">\n                          <i class=\"fa fa-500px\" aria-hidden=\"true\"><\/i>\n                        <\/a>\n                                              <a href=\"https:\/\/flickr.com\">\n                          <i class=\"fa fa-flickr\" aria-hidden=\"true\"><\/i>\n                        <\/a>\n                                            <\/div>\n                    <\/div>\n                  <\/div>\n                <\/div>\n              <\/div>\n              <div class=\"mate-info\">\n                <div class=\"mate-name\"><a href=\"#\">Bruce Robinson<\/a><\/div><div class=\"mate-designation\">Interior Director <span>Partner<\/span><\/div>              <\/div>\n            <\/div>\n          <\/div>\n                      <\/div> <!-- row -->\n        <\/div> <!-- wrap -->\n      <\/div> <!-- container -->\n    <\/div> <!-- team End -->\n    [vc_empty_space height=&#8220;85px&#8220;][\/vc_column][\/vc_row][vc_row content_placement=&#8220;middle&#8220; overlay_dotted=&#8220;&#8220; css=&#8220;.vc_custom_1493985457691{background: #151515 url(https:\/\/victorthemes.com\/themes\/brixey\/wp-content\/uploads\/2017\/01\/background3.png?id=275) !important;background-position: 0 0 !important;background-repeat: no-repeat !important;}&#8220; el_class=&#8220;brxy-promo&#8220;][vc_column width=&#8220;1\/2&#8243; css=&#8220;.vc_custom_1557317482857{border-right-width: 0px !important;padding-top: 0px !important;padding-right: 0px !important;padding-bottom: 0px !important;padding-left: 0px !important;background-image: url(http:\/\/www.danteproject.de\/wp-content\/uploads\/2019\/05\/about-page-kolaj-bg.jpg?id=3382) !important;background-position: center !important;background-repeat: no-repeat !important;background-size: cover !important;}&#8220; el_class=&#8220;promo-image&#8220;][vc_row_inner el_class=&#8220;promo-image&#8220;][vc_column_inner][\/vc_column_inner][\/vc_row_inner][\/vc_column][vc_column width=&#8220;1\/2&#8243; el_class=&#8220;promo-wrap&#8220;][vc_row_inner el_class=&#8220;promo-info&#8220;][vc_column_inner][vc_column_text]<div class=\"brxy-title promo-title brxy-title-69ef9eba35dfe\">Dante-Produktionsst\u00e4tte<\/div>\n<p>Mit \u00fcber 16 Jahren Erfahrung in diesem Bereich hat Dante in vielen wichtigen Einrichtungen mit Ausstattungsanwendungen gearbeitet. Rixos Land der Legenden und Themenpark ist eine der angesehensten Projektanwendungen des Unternehmens.<br \/>\nDie allgemeinen Bereiche der Anlage, des Hotels und der Themenparks wurden von Dante errichtet.<\/p>\n<p>[vc_empty_space height=\"10px\"][\/vc_column_text]<div class=\"clearfix\"><a class=\"brxy-btn brxy-white-btn  brxy-btn-69ef9eba35e2e brxy-btn-medium  \" href=\"http:\/\/www.danteproject.de\/about\" target=\"_blank\">Seite anzeigen<\/a><\/div>[\/vc_column_inner][\/vc_row_inner][\/vc_column][\/vc_row][vc_row disable_element=&#8220;yes&#8220; overlay_dotted=&#8220;&#8220;][vc_column][vc_empty_space height=&#8220;92px&#8220;]\n          <div class=\" brxy-title-wrap  brxy-heading-69ef9eba35e46 \">\n          <div class=\"section-title\">TRUSTED CLIENTS<\/div><div class=\"section-sub-title\">We have worked with some of great clients in worldwide.<\/div><\/div>[\/vc_column][\/vc_row][vc_row disable_element=&#8220;yes&#8220; overlay_dotted=&#8220;&#8220;][vc_column]<div class=\"brxy-clients\">\n    <div class=\"container\"><div class=\"brxy-carousel\"\n           data-loop=\"false\" data-items=\"4\" data-margin=\"0\"data-dots=\"false\"data-nav=\"true\"><div class=\"item\"><div class=\"client-item\"><div class=\"brxy-table-container\"><div class=\"brxy-align-container\"><a href=\"#\" target=\"_blank\"><img src=\"https:\/\/www.danteproject.de\/wp-content\/uploads\/2017\/05\/logo2.png\" alt=\"\"><\/a><\/div><\/div><\/div><\/div><div class=\"item\"><div class=\"client-item\"><div class=\"brxy-table-container\"><div class=\"brxy-align-container\"><a href=\"#\" target=\"_blank\"><img src=\"https:\/\/www.danteproject.de\/wp-content\/uploads\/2017\/05\/logo2.png\" alt=\"\"><\/a><\/div><\/div><\/div><\/div><div class=\"item\"><div class=\"client-item\"><div class=\"brxy-table-container\"><div class=\"brxy-align-container\"><a href=\"#\" target=\"_blank\"><img src=\"https:\/\/www.danteproject.de\/wp-content\/uploads\/2017\/05\/logo2.png\" alt=\"\"><\/a><\/div><\/div><\/div><\/div><div class=\"item\"><div class=\"client-item\"><div class=\"brxy-table-container\"><div class=\"brxy-align-container\"><a href=\"#\" target=\"_blank\"><img src=\"https:\/\/www.danteproject.de\/wp-content\/uploads\/2017\/05\/logo2.png\" alt=\"\"><\/a><\/div><\/div><\/div><\/div><div class=\"item\"><div class=\"client-item\"><div class=\"brxy-table-container\"><div class=\"brxy-align-container\"><a href=\"#\" target=\"_blank\"><img src=\"https:\/\/www.danteproject.de\/wp-content\/uploads\/2017\/05\/logo2.png\" alt=\"\"><\/a><\/div><\/div><\/div><\/div><\/div><\/div><\/div>[vc_empty_space height=&#8220;100px&#8220;][\/vc_column][\/vc_row]<\/p>\n","protected":false},"excerpt":{"rendered":"[vc_row css_animation=&#8220;none&#8220; overlay_dotted=&#8220;&#8220; css=&#8220;.vc_custom_1557317907082{margin-top: 115px !important;}&#8220; el_class=&#8220;brxy-about&#8220;][vc_column][\/vc_column][\/vc_row][vc_row overlay_dotted=&#8220;&#8220; css=&#8220;.vc_custom_1556794384976{margin-bottom: 91px !important;}&#8220;][vc_column][\/vc_column][\/vc_row][vc_row disable_element=&#8220;yes&#8220; overlay_dotted=&#8220;&#8220;][vc_column][\/vc_column][\/vc_row][vc_row overlay_dotted=&#8220;&#8220; css=&#8220;.vc_custom_1494400804610{margin-top: 100px !important;}&#8220;][vc_column][\/vc_column][\/vc_row][vc_row][vc_column][\/vc_column][\/vc_row][vc_row content_placement=&#8220;middle&#8220; overlay_dotted=&#8220;&#8220; css=&#8220;.vc_custom_1493959316671{margin-bottom: 100px !important;}&#8220;][vc_column text_alignment=&#8220;text-center&#8220;][\/vc_column][\/vc_row][vc_row parallax=&#8220;content-moving&#8220; parallax_image=&#8220;270&#8243; disable_element=&#8220;yes&#8220; overlay_dotted=&#8220;&#8220;][vc_column][\/vc_column][\/vc_row][vc_row disable_element=&#8220;yes&#8220; overlay_dotted=&#8220;&#8220;][vc_column][vc_empty_space height=&#8220;113px&#8220;][vc_empty_space height=&#8220;85px&#8220;][\/vc_column][\/vc_row][vc_row content_placement=&#8220;middle&#8220; overlay_dotted=&#8220;&#8220; css=&#8220;.vc_custom_1493985457691{background: #151515 url(https:\/\/victorthemes.com\/themes\/brixey\/wp-content\/uploads\/2017\/01\/background3.png?id=275) !important;background-position: 0 0 !important;background-repeat: no-repeat !important;}&#8220; el_class=&#8220;brxy-promo&#8220;][vc_column width=&#8220;1\/2&#8243; css=&#8220;.vc_custom_1557317482857{border-right-width: 0px !important;padding-top: 0px !important;padding-right: 0px !important;padding-bottom: 0px !important;padding-left: 0px !important;background-image:&#8230;","protected":false},"author":1,"featured_media":3648,"parent":0,"menu_order":0,"comment_status":"closed","ping_status":"closed","template":"home-template.php","meta":[],"_links":{"self":[{"href":"https:\/\/www.danteproject.de\/de\/wp-json\/wp\/v2\/pages\/3929\/"}],"collection":[{"href":"https:\/\/www.danteproject.de\/de\/wp-json\/wp\/v2\/pages\/"}],"about":[{"href":"https:\/\/www.danteproject.de\/de\/wp-json\/wp\/v2\/types\/page\/"}],"author":[{"embeddable":true,"href":"https:\/\/www.danteproject.de\/de\/wp-json\/wp\/v2\/users\/1\/"}],"replies":[{"embeddable":true,"href":"https:\/\/www.danteproject.de\/de\/wp-json\/wp\/v2\/comments\/?post=3929"}],"version-history":[{"count":0,"href":"https:\/\/www.danteproject.de\/de\/wp-json\/wp\/v2\/pages\/3929\/revisions\/"}],"wp:featuredmedia":[{"embeddable":true,"href":"https:\/\/www.danteproject.de\/de\/wp-json\/wp\/v2\/media\/3648\/"}],"wp:attachment":[{"href":"https:\/\/www.danteproject.de\/de\/wp-json\/wp\/v2\/media\/?parent=3929"}],"curies":[{"name":"wp","href":"https:\/\/api.w.org\/{rel}","templated":true}]}}