{"id":3939,"date":"2017-05-05T01:03:29","date_gmt":"2017-05-04T22:03:29","guid":{"rendered":"http:\/\/www.danteproject.de\/about\/"},"modified":"2019-05-22T15:48:03","modified_gmt":"2019-05-22T12:48:03","slug":"uber","status":"publish","type":"page","link":"https:\/\/www.danteproject.de\/de\/uber\/","title":{"rendered":"\u00dcber"},"content":{"rendered":"<p>[vc_row][vc_column]\n          <div class=\"brxy-info-title style2 brxy-heading-69ef921e53708 \">\n          <div class=\"info-title \">Dante Project &amp; Design<\/div><div class=\" info-sub-title \">Dante ist seit 2003 im Bereich Innenarchitektur und schl\u00fcsselfertig t\u00e4tig. Das Unternehmen verf\u00fcgt \u00fcber Erfahrung in Hotels, Gastronomieunternehmen, Wohngebieten und Gesch\u00e4ftszentren.<\/div><\/div>[\/vc_column][\/vc_row][vc_row][vc_column][vc_column_text]Dante hat schl\u00fcsselfertige Projekte in Hotel- und High-End-Restaurantprojekten auf internationaler Ebene abgeschlossen. Das Unternehmen macht einen Unterschied in seinen Projekten mit seiner Marke Dante Hotel Furniture in seinem Fachgebiet und realisiert seine Produktion mit seiner Marke auf dem 4.500 m2 gro\u00dfen Gebiet in Antalya.<\/p>\n<p>Mit \u00fcber 16 Jahren Erfahrung in diesem Bereich hat Dante in vielen wichtigen Einrichtungen mit Ausstattungsanwendungen gearbeitet. Rixos Land der Legenden und Themenpark ist eine der angesehensten Projektanwendungen des Unternehmens.<br \/>\nDie allgemeinen Bereiche der Anlage, des Hotels und der Themenparks wurden von Dante errichtet.<\/p>\n<p>Im Jahr 2018 wurde im Rahmen der allgemeinen Bereiche des Limak Cyprus Deluxe Hotel von Dante eine Fl\u00e4che von 15.000 m2 als Ausstattung errichtet.<\/p>\n<div class=\"contact-link  brxy-lists-69ef921e53756\"><div class=\"clearfix\"><span>Mail<\/span><a href=\"mailto:dante@danteproject.de\" target=\"_blank\">dante@danteproject.de<\/a><\/div><div class=\"clearfix\"><span>Tel<\/span><a href=\"tel:49030300114500\" target=\"_blank\">+49 (0)30 300 11 4500<\/a><\/div><\/div>[\/vc_column_text][\/vc_column][\/vc_row][vc_row][vc_column]<div class=\"clearfix\"><a class=\"brxy-btn   brxy-btn-69ef921e5381f brxy-btn-medium  \" href=\"http:\/\/www.danteproject.de\/de\/projekte\" target=\"_blank\">Projekte Anzeigen<\/a><\/div>[\/vc_column][\/vc_row]<\/p>\n","protected":false},"excerpt":{"rendered":"[vc_row][vc_column][\/vc_column][\/vc_row][vc_row][vc_column][vc_column_text]Dante hat schl\u00fcsselfertige Projekte in Hotel- und High-End-Restaurantprojekten auf internationaler Ebene abgeschlossen. Das Unternehmen macht einen Unterschied in seinen Projekten mit seiner Marke Dante Hotel Furniture in seinem Fachgebiet und realisiert seine Produktion mit seiner Marke auf dem 4.500 m2 gro\u00dfen Gebiet in Antalya. Mit \u00fcber 16 Jahren Erfahrung in diesem Bereich hat Dante in&#8230;","protected":false},"author":1,"featured_media":0,"parent":0,"menu_order":0,"comment_status":"closed","ping_status":"closed","template":"about-me.php","meta":[],"_links":{"self":[{"href":"https:\/\/www.danteproject.de\/de\/wp-json\/wp\/v2\/pages\/3939\/"}],"collection":[{"href":"https:\/\/www.danteproject.de\/de\/wp-json\/wp\/v2\/pages\/"}],"about":[{"href":"https:\/\/www.danteproject.de\/de\/wp-json\/wp\/v2\/types\/page\/"}],"author":[{"embeddable":true,"href":"https:\/\/www.danteproject.de\/de\/wp-json\/wp\/v2\/users\/1\/"}],"replies":[{"embeddable":true,"href":"https:\/\/www.danteproject.de\/de\/wp-json\/wp\/v2\/comments\/?post=3939"}],"version-history":[{"count":0,"href":"https:\/\/www.danteproject.de\/de\/wp-json\/wp\/v2\/pages\/3939\/revisions\/"}],"wp:attachment":[{"href":"https:\/\/www.danteproject.de\/de\/wp-json\/wp\/v2\/media\/?parent=3939"}],"curies":[{"name":"wp","href":"https:\/\/api.w.org\/{rel}","templated":true}]}}