{"id":3949,"date":"2017-05-07T18:40:53","date_gmt":"2017-05-07T18:40:53","guid":{"rendered":"http:\/\/www.danteproject.de\/services\/"},"modified":"2019-05-22T14:10:04","modified_gmt":"2019-05-22T11:10:04","slug":"dienstleistungen","status":"publish","type":"page","link":"https:\/\/www.danteproject.de\/de\/dienstleistungen\/","title":{"rendered":"Dienstleistungen"},"content":{"rendered":"<p>[vc_row overlay_dotted=&#8220;&#8220; el_class=&#8220;container&#8220;][vc_column css=&#8220;.vc_custom_1494933874057{padding-right: 0px !important;padding-left: 0px !important;}&#8220;]<div class=\"brxy-services style2\"><div class=\"services-wrap\"><div class=\"service-item service-1\">\n              <div class=\"col-md-6\">\n                <div class=\"service-info\">\n                  <div class=\"brxy-table-container\">\n                    <div class=\"brxy-align-container\">\n                      <div class=\"clearfix\"><i class=\"icon-layers\"><\/i><\/div>\n                      <div class=\"service-title\">FURNITURE(FF)<\/div>\n                      <div class=\"brxy-cta-cnt \" ><p>Die M\u00f6belproduktion unseres Unternehmens umfasst \u00e4sthetische, ergonomische, qualitative und originelle Aspekte. Wir verf\u00fcgen \u00fcber die technologischen F\u00e4higkeiten, Ressourcen und das handwerkliche K\u00f6nnen, um alle Arbeiten kompetent auszuf\u00fchren und eine erfolgreiche Projekterfahrung vom Beginn bis zum Wettbewerb zu gew\u00e4hrleisten.<\/p>\n<ul>\n<li>Main Plan<\/li>\n<li>Making Estimation<\/li>\n<li>Decor\u00a0Plans<\/li>\n<li>Formal Design<\/li>\n<\/ul>\n<\/div>\n                    <\/div>\n                  <\/div>\n                <\/div>\n              <\/div><div class=\"service-picture\"><img src=\"https:\/\/www.danteproject.de\/wp-content\/uploads\/2019\/05\/dante-furniture-services.jpg\" alt=\"FURNITURE(FF)\"><\/div><\/div><div class=\"service-item service-2\">\n              <div class=\"col-md-6\">\n                <div class=\"service-info\">\n                  <div class=\"brxy-table-container\">\n                    <div class=\"brxy-align-container\">\n                      <div class=\"clearfix\"><i class=\"icon-circle-compass\"><\/i><\/div>\n                      <div class=\"service-title\">INTERIOR DESIGN(ID)<\/div>\n                      <div class=\"brxy-cta-cnt \" ><p>Jedes Projekt ist ma\u00dfgeschneidert und hat seine eigene Geschichte und Philosophie, die sich nach den Bed\u00fcrfnissen und dem Geschmack unserer Kunden richtet.<\/p>\n<p>Wir glauben daran, ihr Konzept und ihre Ideen zu verstehen und sie einfach in die Realit\u00e4t umzusetzen, wo Sch\u00f6nheit, Harmonie und Komfort vermischt werden, um den perfekten Lebensraum f\u00fcr jeden unserer Kunden zu schaffen.<\/p>\n<ul>\n<li>Master Plan<\/li>\n<li>3D model making<\/li>\n<li>Floor Plans<\/li>\n<li>Schematic Design<\/li>\n<\/ul>\n<\/div>\n                    <\/div>\n                  <\/div>\n                <\/div>\n              <\/div><div class=\"service-picture\"><img src=\"https:\/\/www.danteproject.de\/wp-content\/uploads\/2019\/05\/dante-id-services.jpg\" alt=\"INTERIOR DESIGN(ID)\"><\/div><\/div><div class=\"service-item service-3\">\n              <div class=\"col-md-6\">\n                <div class=\"service-info\">\n                  <div class=\"brxy-table-container\">\n                    <div class=\"brxy-align-container\">\n                      <div class=\"clearfix\"><i class=\"icon-expand\"><\/i><\/div>\n                      <div class=\"service-title\">FITOUT PROJECT MANAGEMENT(PM)<\/div>\n                      <div class=\"brxy-cta-cnt \" ><p>P\u00fcnktlich innerhalb des Budgets bieten wir unseren Kunden Branchenerfahrung, umfassendes Wissen und einen systematischen Zeitplanprozess. Hohe Qualit\u00e4t, termingerechte Fertigstellung und wirtschaftliche Kosten sind Ihre Ziele. Es ist unsere Pflicht, das Know-how bereitzustellen, um ein Team zu f\u00fchren, um diese Ziele zu erreichen.<\/p>\n<ul>\n<li>Master Plan<\/li>\n<li>Model making<\/li>\n<li>Creative Plans<\/li>\n<li>Final Design<\/li>\n<\/ul>\n<\/div>\n                    <\/div>\n                  <\/div>\n                <\/div>\n              <\/div><div class=\"service-picture\"><img src=\"https:\/\/www.danteproject.de\/wp-content\/uploads\/2019\/05\/dante-pm-services.jpg\" alt=\"FITOUT PROJECT MANAGEMENT(PM)\"><\/div><\/div><\/div><\/div>[\/vc_column][\/vc_row][vc_row overlay_dotted=&#8220;&#8220;][vc_column][vc_empty_space height=&#8220;85px&#8220;]<div class=\"brxy-request-quote \"><div class=\"container\"><div class=\"brxy-cta-cnt \" ><h3 class=\"brxy-title request-quote-title brxy-title-69ef8e2635394\">BESTELLEN SIE IHRE ZUK\u00dcNFTIGE ARCHITEKTUR JETZT<\/h3>\n<\/div><div class=\"clearfix\"><a class=\"brxy-btn   brxy-btn-69ef8e26353ac  brxy-btn-large \" href=\"http:\/\/www.danteproject.de\/de\/fordern-sie-ein-angebot-an\/\" target=\"_blank\">Fordern Sie ein Angebot an<\/a><\/div><\/div><\/div>[\/vc_column][\/vc_row]<\/p>\n","protected":false},"excerpt":{"rendered":"[vc_row overlay_dotted=&#8220;&#8220; el_class=&#8220;container&#8220;][vc_column css=&#8220;.vc_custom_1494933874057{padding-right: 0px !important;padding-left: 0px !important;}&#8220;][\/vc_column][\/vc_row][vc_row overlay_dotted=&#8220;&#8220;][vc_column][vc_empty_space height=&#8220;85px&#8220;][\/vc_column][\/vc_row]","protected":false},"author":1,"featured_media":0,"parent":0,"menu_order":0,"comment_status":"closed","ping_status":"closed","template":"","meta":[],"_links":{"self":[{"href":"https:\/\/www.danteproject.de\/de\/wp-json\/wp\/v2\/pages\/3949\/"}],"collection":[{"href":"https:\/\/www.danteproject.de\/de\/wp-json\/wp\/v2\/pages\/"}],"about":[{"href":"https:\/\/www.danteproject.de\/de\/wp-json\/wp\/v2\/types\/page\/"}],"author":[{"embeddable":true,"href":"https:\/\/www.danteproject.de\/de\/wp-json\/wp\/v2\/users\/1\/"}],"replies":[{"embeddable":true,"href":"https:\/\/www.danteproject.de\/de\/wp-json\/wp\/v2\/comments\/?post=3949"}],"version-history":[{"count":0,"href":"https:\/\/www.danteproject.de\/de\/wp-json\/wp\/v2\/pages\/3949\/revisions\/"}],"wp:attachment":[{"href":"https:\/\/www.danteproject.de\/de\/wp-json\/wp\/v2\/media\/?parent=3949"}],"curies":[{"name":"wp","href":"https:\/\/api.w.org\/{rel}","templated":true}]}}