{"id":3812,"date":"2019-05-20T13:55:21","date_gmt":"2019-05-20T10:55:21","guid":{"rendered":"http:\/\/www.danteproject.de\/anasayfa\/"},"modified":"2019-05-24T14:03:36","modified_gmt":"2019-05-24T11:03:36","slug":"anasayfa","status":"publish","type":"page","link":"https:\/\/www.danteproject.de\/tr\/","title":{"rendered":"Anasayfa"},"content":{"rendered":"<p>[vc_row css_animation=&#8221;none&#8221; overlay_dotted=&#8221;&#8221; css=&#8221;.vc_custom_1557317907082{margin-top: 115px !important;}&#8221; el_class=&#8221;brxy-about&#8221;][vc_column]\n          <div class=\"brxy-container aligncenter brxy-heading-69ef8ce418db1  vc_custom_1558424132670\">\n          <h2 class=\"about-title\">Bu alanda 16 y\u0131ll\u0131k deneyime sahibiz.<br \/>\nNe istedi\u011fini biliyoruz.<\/h2><div class=\"about-description\" style=\"line-height: 1.9;\"><p>Dante, 2003&#8217;ten itibaren oteller, ya\u015fam alanlar\u0131 ve i\u015f merkezleri gibi alanlarda ve projelerde fitout i\u015fler , i\u00e7 mimari tasar\u0131m , proje uygulama yapmaktad\u0131r. Dante, uluslararas\u0131 alanda da otel ve \u00fcst segment restoran projelerinde anahtar teslim projeler yapm\u0131\u015ft\u0131r. \u015eirket, uzmanl\u0131k alan\u0131 olan mobilyada Dante Hotel Furniture markas\u0131yla projelerinde fark yaratmakta ve \u00fcretimini Antalya&#8217;da bulunan 4.500 m2 alanda markas\u0131yla ger\u00e7ekle\u015ftirmektedir.<\/p>\n<\/div><\/div>[\/vc_column][\/vc_row][vc_row overlay_dotted=&#8221;&#8221; css=&#8221;.vc_custom_1556794384976{margin-bottom: 91px !important;}&#8221;][vc_column]    <div class=\"container\">\n      <div class=\"brxy-services \">\n        <div class=\"row\">\n                    <div class=\"col-md-4 col-sm-6 col-xs-12\">\n            <div class=\"brxy-table-container\">\n                <div class=\"service-item\">\n              <a href=\"http:\/\/www.danteproject.de\/tr\/hizmetler\/\"  class=\"service-wrap\">\n                <i aria-hidden=\"true\" class=\"icon-layers\"><\/i><span class=\"service-title\">FURNITURE(FF)<\/span>                <\/a>\n              <\/div>\n            <\/div>\n          <\/div>\n                    <div class=\"col-md-4 col-sm-6 col-xs-12\">\n            <div class=\"brxy-table-container\">\n                <div class=\"service-item\">\n              <a href=\"http:\/\/www.danteproject.de\/tr\/hizmetler\/\" target=\"_blank\" class=\"service-wrap\">\n                <i aria-hidden=\"true\" class=\"icon-circle-compass\"><\/i><span class=\"service-title\">INTERIOR DESIGN(ID)<\/span>                <\/a>\n              <\/div>\n            <\/div>\n          <\/div>\n                    <div class=\"col-md-4 col-sm-6 col-xs-12\">\n            <div class=\"brxy-table-container\">\n                <div class=\"service-item\">\n              <a href=\"http:\/\/www.danteproject.de\/tr\/hizmetler\/\" target=\"_blank\" class=\"service-wrap\">\n                <i aria-hidden=\"true\" class=\"icon-expand\"><\/i><span class=\"service-title\">FITOUT PROJECT MANAGEMENT(PM)<\/span>                <\/a>\n              <\/div>\n            <\/div>\n          <\/div>\n          \n        <\/div>\n      <\/div>\n    <\/div>\n\n[\/vc_column][\/vc_row][vc_row disable_element=&#8221;yes&#8221; overlay_dotted=&#8221;&#8221;][vc_column]      <div class=\"brxy-status  status-type-69ef8ce418e5d\">\n                  \n          <div class=\"col-md-3 col-sm-6\">\n            <div class=\"status-list\">\n              <span class=\"counter\">56<\/span>\n                              <div class=\"status-title\">Awards Winning<\/div>\n                          <\/div>\n          <\/div>\n                  \n          <div class=\"col-md-3 col-sm-6\">\n            <div class=\"status-list\">\n              <span class=\"counter\">954<\/span>\n                <span>+<\/span>              <div class=\"status-title\">Project Completed<\/div>\n                          <\/div>\n          <\/div>\n                  \n          <div class=\"col-md-3 col-sm-6\">\n            <div class=\"status-list\">\n              <span class=\"counter\">845<\/span>\n                <span>+<\/span>              <div class=\"status-title\">Happy Customers<\/div>\n                          <\/div>\n          <\/div>\n                  \n          <div class=\"col-md-3 col-sm-6\">\n            <div class=\"status-list\">\n              <span class=\"counter\">7165<\/span>\n                              <div class=\"status-title\">Hours Worked<\/div>\n                          <\/div>\n          <\/div>\n           \n      <\/div>\n[\/vc_column][\/vc_row][vc_row overlay_dotted=&#8221;&#8221; css=&#8221;.vc_custom_1494400804610{margin-top: 100px !important;}&#8221;][vc_column]\n          <div class=\" brxy-title-wrap  brxy-heading-69ef8ce418e74  vc_custom_1558424166131\">\n          <div class=\"section-title\">\u00d6NE \u00c7IKAN PROJELER<\/div><div class=\"section-sub-title\">D\u00fcnya \u00e7ap\u0131nda 200'den fazla projeyi ba\u015far\u0131yla tamamlad\u0131.<\/div><\/div>[\/vc_column][\/vc_row][vc_row][vc_column]  <div class=\" brxy-project-69ef8ce418ea4 brxy-projects \">\n          <div class=\"project-listings style1\"  >\n        \n    <!-- Project Start -->\n    <div class=\"project-row row\">\n                <div class=\"col-md-4 col-sm-4 col-sx-12 cat-dizayn  \">\n            <div class=\"project-list\">\n              <div class=\"project-picture\">\n                <img src=\"https:\/\/www.danteproject.de\/wp-content\/uploads\/2019\/08\/jazz-bar-img-1.jpg\" alt=\"Jazz Bar M\u00fcnih\">\n              <\/div>\n              <div class=\"project-info\">\n                <div class=\"brxy-table-container\">\n                  <div class=\"brxy-align-container\">\n                    <div class=\"project-title\"><a href=\"https:\/\/www.danteproject.de\/tr\/proje\/jazz-bar-munih\/\">Jazz Bar M\u00fcnih<\/a>\n                    <\/div>\n                    <div class=\"project-category\">\n                    <span><a href=\"https:\/\/www.danteproject.de\/tr\/proje_kategori\/dizayn\/\" class=\"bpw-category\">Dizayn<\/a><\/span>                     <\/div>\n                  <\/div>\n                <\/div>\n              <\/div>\n            <\/div>\n          <\/div>\n                  <div class=\"col-md-4 col-sm-4 col-sx-12 cat-dizayn  \">\n            <div class=\"project-list\">\n              <div class=\"project-picture\">\n                <img src=\"https:\/\/www.danteproject.de\/wp-content\/uploads\/2019\/04\/pomodor-img-2.jpg\" alt=\"Pomodor\u0131 Buon\u0131ss\u0131mo Nollendorf\">\n              <\/div>\n              <div class=\"project-info\">\n                <div class=\"brxy-table-container\">\n                  <div class=\"brxy-align-container\">\n                    <div class=\"project-title\"><a href=\"https:\/\/www.danteproject.de\/tr\/proje\/pomodori-buonissimo-nollendorf\/\">Pomodor\u0131 Buon\u0131ss\u0131mo Nollendorf<\/a>\n                    <\/div>\n                    <div class=\"project-category\">\n                    <span><a href=\"https:\/\/www.danteproject.de\/tr\/proje_kategori\/dizayn\/\" class=\"bpw-category\">Dizayn<\/a><\/span>                     <\/div>\n                  <\/div>\n                <\/div>\n              <\/div>\n            <\/div>\n          <\/div>\n                  <div class=\"col-md-4 col-sm-4 col-sx-12 cat-dizayn  \">\n            <div class=\"project-list\">\n              <div class=\"project-picture\">\n                <img src=\"https:\/\/www.danteproject.de\/wp-content\/uploads\/2019\/05\/the-land-of-legends-kingdom.jpg\" alt=\"Rixos Land Of Legends &#038; Theme Park\">\n              <\/div>\n              <div class=\"project-info\">\n                <div class=\"brxy-table-container\">\n                  <div class=\"brxy-align-container\">\n                    <div class=\"project-title\"><a href=\"https:\/\/www.danteproject.de\/tr\/proje\/rixos-land-of-legends-theme-park\/\">Rixos Land Of Legends &#038; Theme Park<\/a>\n                    <\/div>\n                    <div class=\"project-category\">\n                    <span><a href=\"https:\/\/www.danteproject.de\/tr\/proje_kategori\/dizayn\/\" class=\"bpw-category\">Dizayn<\/a><\/span>                     <\/div>\n                  <\/div>\n                <\/div>\n              <\/div>\n            <\/div>\n          <\/div>\n        \n      <\/div>\n    <\/div>\n  <\/div>\n    <!-- Project End -->\n\n    [\/vc_column][\/vc_row][vc_row content_placement=&#8221;middle&#8221; overlay_dotted=&#8221;&#8221; css=&#8221;.vc_custom_1493959316671{margin-bottom: 100px !important;}&#8221;][vc_column text_alignment=&#8221;text-center&#8221;]<div class=\"clearfix\"><a class=\"brxy-btn   brxy-btn-69ef8ce41ea95 brxy-btn-medium  \" href=\"http:\/\/www.danteproject.de\/tr\/projeler\">Daha Fazla Proje<\/a><\/div>[\/vc_column][\/vc_row][vc_row parallax=&#8221;content-moving&#8221; parallax_image=&#8221;270&#8243; disable_element=&#8221;yes&#8221; overlay_dotted=&#8221;&#8221;][vc_column]    <!-- brxy testimonials -->\n    <div class=\"brxy-testimonial  brxy-testi-carousel-69ef8ce41eac5\">\n      <div class=\"container\">\n        <div class=\"brxy-container\">\n          <div class=\"brxy-carousel\" data-loop=\"false\" data-items=\"1\" data-margin=\"0\" data-nav=\"true\"   >\n            <div class=\"item\">\n                <p style=\"line-height: 1.6;\">Interior design needs to recognize and adapt to its surroundings , The role of the team in understanding how interior,exterior design choices impact the budget a specialist team of interior designers.\n\n&nbsp;<\/p><h6><span class=\"client-name\"><a href=\"#\" target=\"_blank\">Philip Hughes<\/a><\/span><span class=\"client-designation\">TL, Oca Bank<\/span><\/h6><\/div><div class=\"item\">\n                <p style=\"line-height: 1.6;\">Having no previous building experience we searched the internet for an architectural designer and after seeing Brixey we decided to engage the services of Architectural\u00a0Design Services.<\/p><h6><span class=\"client-name\"><a href=\"#\" target=\"_blank\">Will Turner<\/a><\/span><span class=\"client-designation\">MD, Genuine Creators<\/span><\/h6><\/div><div class=\"item\">\n                <p style=\"line-height: 1.6;\">I would like to thank Brixey Architectural Design Services for all of their hard work, ideas and inspiration and for being so approachable and easy to deal with. I would happily recommend them to anyone starting \u00a0project.<\/p><h6><span class=\"client-name\"><a href=\"#\" target=\"_blank\">Jack Sparrow<\/a><\/span><span class=\"client-designation\">CEO, Care Builders<\/span><\/h6><\/div>          <\/div>\n        <\/div>\n      <\/div>\n    <\/div>\n    [\/vc_column][\/vc_row][vc_row disable_element=&#8221;yes&#8221; overlay_dotted=&#8221;&#8221;][vc_column][vc_empty_space height=&#8221;113px&#8221;]\n          <div class=\" brxy-title-wrap  brxy-heading-69ef8ce41f031 \">\n          <div class=\"section-title\">GENIUS TEAM MATES<\/div><div class=\"section-sub-title\">Our experienced &amp; creative architects behind with Brixey<\/div><\/div>    <div class=\"brxy-team  brxy-team-69ef8ce41f06f \"> <!-- team Starts -->\n      <div class=\"container\">\n        <div class=\"team-wrap\">\n          <div class=\"row\">\n                    <div class=\"col-md-3 col-sm-6\">\n            <div class=\"mate-list\">\n              <div class=\"mate-picture\">\n                <div class=\"clearfix\"><img src=\"https:\/\/www.danteproject.de\/wp-content\/uploads\/2017\/05\/team-mate-1.png\" alt=\"\"><\/div>\n                <div class=\"mate-links\">\n                  <div class=\"brxy-table-container\">\n                    <div class=\"brxy-align-container\">\n                      <div class=\"brxy-moving-wrap\">\n                                              <a href=\"https:\/\/twitter.com\">\n                          <i class=\"fa fa-twitter\" aria-hidden=\"true\"><\/i>\n                        <\/a>\n                                              <a href=\"https:\/\/500px.com\">\n                          <i class=\"fa fa-500px\" aria-hidden=\"true\"><\/i>\n                        <\/a>\n                                              <a href=\"https:\/\/flickr.com\">\n                          <i class=\"fa fa-flickr\" aria-hidden=\"true\"><\/i>\n                        <\/a>\n                                            <\/div>\n                    <\/div>\n                  <\/div>\n                <\/div>\n              <\/div>\n              <div class=\"mate-info\">\n                <div class=\"mate-name\"><a href=\"#\">Adam Milne<\/a><\/div><div class=\"mate-designation\">Interior Designer <span>Partner<\/span><\/div>              <\/div>\n            <\/div>\n          <\/div>\n                      <div class=\"col-md-3 col-sm-6\">\n            <div class=\"mate-list\">\n              <div class=\"mate-picture\">\n                <div class=\"clearfix\"><img src=\"https:\/\/www.danteproject.de\/wp-content\/uploads\/2017\/05\/team-mate-1.png\" alt=\"\"><\/div>\n                <div class=\"mate-links\">\n                  <div class=\"brxy-table-container\">\n                    <div class=\"brxy-align-container\">\n                      <div class=\"brxy-moving-wrap\">\n                                              <a href=\"https:\/\/twitter.com\">\n                          <i class=\"fa fa-twitter\" aria-hidden=\"true\"><\/i>\n                        <\/a>\n                                              <a href=\"https:\/\/500px.com\">\n                          <i class=\"fa fa-500px\" aria-hidden=\"true\"><\/i>\n                        <\/a>\n                                              <a href=\"https:\/\/flickr.com\">\n                          <i class=\"fa fa-flickr\" aria-hidden=\"true\"><\/i>\n                        <\/a>\n                                            <\/div>\n                    <\/div>\n                  <\/div>\n                <\/div>\n              <\/div>\n              <div class=\"mate-info\">\n                <div class=\"mate-name\"><a href=\"#\">Landine Luke<\/a><\/div><div class=\"mate-designation\">Architect Director <span>Partner<\/span><\/div>              <\/div>\n            <\/div>\n          <\/div>\n                      <div class=\"col-md-3 col-sm-6\">\n            <div class=\"mate-list\">\n              <div class=\"mate-picture\">\n                <div class=\"clearfix\"><img src=\"https:\/\/www.danteproject.de\/wp-content\/uploads\/2017\/05\/team-mate-1.png\" alt=\"\"><\/div>\n                <div class=\"mate-links\">\n                  <div class=\"brxy-table-container\">\n                    <div class=\"brxy-align-container\">\n                      <div class=\"brxy-moving-wrap\">\n                                              <a href=\"https:\/\/twitter.com\">\n                          <i class=\"fa fa-twitter\" aria-hidden=\"true\"><\/i>\n                        <\/a>\n                                              <a href=\"https:\/\/500px.com\/\">\n                          <i class=\"fa fa-500px\" aria-hidden=\"true\"><\/i>\n                        <\/a>\n                                              <a href=\"https:\/\/flickr.com\">\n                          <i class=\"fa fa-flickr\" aria-hidden=\"true\"><\/i>\n                        <\/a>\n                                            <\/div>\n                    <\/div>\n                  <\/div>\n                <\/div>\n              <\/div>\n              <div class=\"mate-info\">\n                <div class=\"mate-name\"><a href=\"#\">Ben Thomson<\/a><\/div><div class=\"mate-designation\">Architect Manager <span>Partner<\/span><\/div>              <\/div>\n            <\/div>\n          <\/div>\n                      <div class=\"col-md-3 col-sm-6\">\n            <div class=\"mate-list\">\n              <div class=\"mate-picture\">\n                <div class=\"clearfix\"><img src=\"https:\/\/www.danteproject.de\/wp-content\/uploads\/2017\/05\/team-mate-1.png\" alt=\"\"><\/div>\n                <div class=\"mate-links\">\n                  <div class=\"brxy-table-container\">\n                    <div class=\"brxy-align-container\">\n                      <div class=\"brxy-moving-wrap\">\n                                              <a href=\"https:\/\/www.twitter.com\">\n                          <i class=\"fa fa-twitter\" aria-hidden=\"true\"><\/i>\n                        <\/a>\n                                              <a href=\"https:\/\/500px.com\">\n                          <i class=\"fa fa-500px\" aria-hidden=\"true\"><\/i>\n                        <\/a>\n                                              <a href=\"https:\/\/flickr.com\">\n                          <i class=\"fa fa-flickr\" aria-hidden=\"true\"><\/i>\n                        <\/a>\n                                            <\/div>\n                    <\/div>\n                  <\/div>\n                <\/div>\n              <\/div>\n              <div class=\"mate-info\">\n                <div class=\"mate-name\"><a href=\"#\">Bruce Robinson<\/a><\/div><div class=\"mate-designation\">Interior Director <span>Partner<\/span><\/div>              <\/div>\n            <\/div>\n          <\/div>\n                      <\/div> <!-- row -->\n        <\/div> <!-- wrap -->\n      <\/div> <!-- container -->\n    <\/div> <!-- team End -->\n    [vc_empty_space height=&#8221;85px&#8221;][\/vc_column][\/vc_row][vc_row content_placement=&#8221;middle&#8221; overlay_dotted=&#8221;&#8221; css=&#8221;.vc_custom_1493985457691{background: #151515 url(https:\/\/victorthemes.com\/themes\/brixey\/wp-content\/uploads\/2017\/01\/background3.png?id=275) !important;background-position: 0 0 !important;background-repeat: no-repeat !important;}&#8221; el_class=&#8221;brxy-promo&#8221;][vc_column width=&#8221;1\/2&#8243; css=&#8221;.vc_custom_1557317482857{border-right-width: 0px !important;padding-top: 0px !important;padding-right: 0px !important;padding-bottom: 0px !important;padding-left: 0px !important;background-image: url(http:\/\/www.danteproject.de\/wp-content\/uploads\/2019\/05\/about-page-kolaj-bg.jpg?id=3382) !important;background-position: center !important;background-repeat: no-repeat !important;background-size: cover !important;}&#8221; el_class=&#8221;promo-image&#8221;][vc_row_inner el_class=&#8221;promo-image&#8221;][vc_column_inner][\/vc_column_inner][\/vc_row_inner][\/vc_column][vc_column width=&#8221;1\/2&#8243; el_class=&#8221;promo-wrap&#8221;][vc_row_inner el_class=&#8221;promo-info&#8221;][vc_column_inner][vc_column_text]<div class=\"brxy-title promo-title brxy-title-69ef8ce41f7d0\">Dante \u00dcretim Tesisi<\/div>\n<p>Dante, sahadaki 16 y\u0131ll\u0131k deneyiminde bir\u00e7ok \u00f6nemli tesiste fitout uygulamalar\u0131 ile \u00e7al\u0131\u015fm\u0131\u015ft\u0131r. Rixos Land Of Legends ve Tema Park\u0131, \u015firketin en prestijli proje uygulamalar\u0131ndan biridir. Tesisin genel alanlar\u0131n\u0131n, otel ve tema parklar\u0131n\u0131n uygulamas\u0131 Dante taraf\u0131ndan yap\u0131lm\u0131\u015ft\u0131r.<\/p>\n<p>[vc_empty_space height=\"10px\"][\/vc_column_text]<div class=\"clearfix\"><a class=\"brxy-btn brxy-white-btn  brxy-btn-69ef8ce41f7fd brxy-btn-medium  \" href=\"http:\/\/www.danteproject.de\/tr\/hakk\u0131nda\" target=\"_blank\">Sayfay\u0131 g\u00f6r\u00fcnt\u00fcle<\/a><\/div>[\/vc_column_inner][\/vc_row_inner][\/vc_column][\/vc_row][vc_row disable_element=&#8221;yes&#8221; overlay_dotted=&#8221;&#8221;][vc_column][vc_empty_space height=&#8221;92px&#8221;]\n          <div class=\" brxy-title-wrap  brxy-heading-69ef8ce41f80e \">\n          <div class=\"section-title\">TRUSTED CLIENTS<\/div><div class=\"section-sub-title\">We have worked with some of great clients in worldwide.<\/div><\/div>[\/vc_column][\/vc_row][vc_row disable_element=&#8221;yes&#8221; overlay_dotted=&#8221;&#8221;][vc_column]<div class=\"brxy-clients\">\n    <div class=\"container\"><div class=\"brxy-carousel\"\n           data-loop=\"false\" data-items=\"4\" data-margin=\"0\"data-dots=\"false\"data-nav=\"true\"><div class=\"item\"><div class=\"client-item\"><div class=\"brxy-table-container\"><div class=\"brxy-align-container\"><a href=\"#\" target=\"_blank\"><img src=\"https:\/\/www.danteproject.de\/wp-content\/uploads\/2017\/05\/logo2.png\" alt=\"\"><\/a><\/div><\/div><\/div><\/div><div class=\"item\"><div class=\"client-item\"><div class=\"brxy-table-container\"><div class=\"brxy-align-container\"><a href=\"#\" target=\"_blank\"><img src=\"https:\/\/www.danteproject.de\/wp-content\/uploads\/2017\/05\/logo2.png\" alt=\"\"><\/a><\/div><\/div><\/div><\/div><div class=\"item\"><div class=\"client-item\"><div class=\"brxy-table-container\"><div class=\"brxy-align-container\"><a href=\"#\" target=\"_blank\"><img src=\"https:\/\/www.danteproject.de\/wp-content\/uploads\/2017\/05\/logo2.png\" alt=\"\"><\/a><\/div><\/div><\/div><\/div><div class=\"item\"><div class=\"client-item\"><div class=\"brxy-table-container\"><div class=\"brxy-align-container\"><a href=\"#\" target=\"_blank\"><img src=\"https:\/\/www.danteproject.de\/wp-content\/uploads\/2017\/05\/logo2.png\" alt=\"\"><\/a><\/div><\/div><\/div><\/div><div class=\"item\"><div class=\"client-item\"><div class=\"brxy-table-container\"><div class=\"brxy-align-container\"><a href=\"#\" target=\"_blank\"><img src=\"https:\/\/www.danteproject.de\/wp-content\/uploads\/2017\/05\/logo2.png\" alt=\"\"><\/a><\/div><\/div><\/div><\/div><\/div><\/div><\/div>[vc_empty_space height=&#8221;100px&#8221;][\/vc_column][\/vc_row]<\/p>\n","protected":false},"excerpt":{"rendered":"[vc_row css_animation=&#8221;none&#8221; overlay_dotted=&#8221;&#8221; css=&#8221;.vc_custom_1557317907082{margin-top: 115px !important;}&#8221; el_class=&#8221;brxy-about&#8221;][vc_column][\/vc_column][\/vc_row][vc_row overlay_dotted=&#8221;&#8221; css=&#8221;.vc_custom_1556794384976{margin-bottom: 91px !important;}&#8221;][vc_column][\/vc_column][\/vc_row][vc_row disable_element=&#8221;yes&#8221; overlay_dotted=&#8221;&#8221;][vc_column][\/vc_column][\/vc_row][vc_row overlay_dotted=&#8221;&#8221; css=&#8221;.vc_custom_1494400804610{margin-top: 100px !important;}&#8221;][vc_column][\/vc_column][\/vc_row][vc_row][vc_column][\/vc_column][\/vc_row][vc_row content_placement=&#8221;middle&#8221; overlay_dotted=&#8221;&#8221; css=&#8221;.vc_custom_1493959316671{margin-bottom: 100px !important;}&#8221;][vc_column text_alignment=&#8221;text-center&#8221;][\/vc_column][\/vc_row][vc_row parallax=&#8221;content-moving&#8221; parallax_image=&#8221;270&#8243; disable_element=&#8221;yes&#8221; overlay_dotted=&#8221;&#8221;][vc_column][\/vc_column][\/vc_row][vc_row disable_element=&#8221;yes&#8221; overlay_dotted=&#8221;&#8221;][vc_column][vc_empty_space height=&#8221;113px&#8221;][vc_empty_space height=&#8221;85px&#8221;][\/vc_column][\/vc_row][vc_row content_placement=&#8221;middle&#8221; overlay_dotted=&#8221;&#8221; css=&#8221;.vc_custom_1493985457691{background: #151515 url(https:\/\/victorthemes.com\/themes\/brixey\/wp-content\/uploads\/2017\/01\/background3.png?id=275) !important;background-position: 0 0 !important;background-repeat: no-repeat !important;}&#8221; el_class=&#8221;brxy-promo&#8221;][vc_column width=&#8221;1\/2&#8243; css=&#8221;.vc_custom_1557317482857{border-right-width: 0px !important;padding-top: 0px !important;padding-right: 0px !important;padding-bottom: 0px !important;padding-left: 0px !important;background-image:&#8230;","protected":false},"author":1,"featured_media":0,"parent":0,"menu_order":0,"comment_status":"closed","ping_status":"closed","template":"home-template.php","meta":[],"_links":{"self":[{"href":"https:\/\/www.danteproject.de\/tr\/wp-json\/wp\/v2\/pages\/3812\/"}],"collection":[{"href":"https:\/\/www.danteproject.de\/tr\/wp-json\/wp\/v2\/pages\/"}],"about":[{"href":"https:\/\/www.danteproject.de\/tr\/wp-json\/wp\/v2\/types\/page\/"}],"author":[{"embeddable":true,"href":"https:\/\/www.danteproject.de\/tr\/wp-json\/wp\/v2\/users\/1\/"}],"replies":[{"embeddable":true,"href":"https:\/\/www.danteproject.de\/tr\/wp-json\/wp\/v2\/comments\/?post=3812"}],"version-history":[{"count":0,"href":"https:\/\/www.danteproject.de\/tr\/wp-json\/wp\/v2\/pages\/3812\/revisions\/"}],"wp:attachment":[{"href":"https:\/\/www.danteproject.de\/tr\/wp-json\/wp\/v2\/media\/?parent=3812"}],"curies":[{"name":"wp","href":"https:\/\/api.w.org\/{rel}","templated":true}]}}