{"id":3934,"date":"2017-05-05T01:03:29","date_gmt":"2017-05-04T22:03:29","guid":{"rendered":"http:\/\/www.danteproject.de\/about\/"},"modified":"2019-05-22T15:48:26","modified_gmt":"2019-05-22T12:48:26","slug":"hakkinda","status":"publish","type":"page","link":"https:\/\/www.danteproject.de\/tr\/hakkinda\/","title":{"rendered":"Hakk\u0131nda"},"content":{"rendered":"<p>[vc_row][vc_column]\n          <div class=\"brxy-info-title style2 brxy-heading-69ef8c988705b \">\n          <div class=\"info-title \">Dante Project &amp; Design<\/div><div class=\" info-sub-title \">Dante, 2003'ten itibaren oteller, ya\u015fam alanlar\u0131 ve i\u015f merkezleri gibi alanlarda ve projelerde fitout i\u015fler, i\u00e7 mimari tasar\u0131m, proje uygulama yapmaktad\u0131r.<\/div><\/div>[\/vc_column][\/vc_row][vc_row][vc_column][vc_column_text]Dante, uluslararas\u0131 alanda da otel ve \u00fcst segment restoran projelerinde anahtar teslim projeler yapm\u0131\u015ft\u0131r. \u015eirket, uzmanl\u0131k alan\u0131 olan mobilyada Dante Hotel Furniture markas\u0131yla projelerinde fark yaratmakta ve \u00fcretimini Antalya&#8217;da bulunan 4.500 m2 alanda markas\u0131yla ger\u00e7ekle\u015ftirmektedir.<\/p>\n<p>Dante, sahadaki 16 y\u0131ll\u0131k deneyiminde bir\u00e7ok \u00f6nemli tesiste fitout uygulamalar\u0131 ile \u00e7al\u0131\u015fm\u0131\u015ft\u0131r. Rixos Land Of Legends ve Tema Park\u0131, \u015firketin en prestijli proje uygulamalar\u0131ndan biridir. Tesisin genel alanlar\u0131n\u0131n, otel ve tema parklar\u0131n\u0131n uygulamas\u0131 Dante taraf\u0131ndan yap\u0131lm\u0131\u015ft\u0131r.<\/p>\n<p>2018 y\u0131l\u0131nda, Dante taraf\u0131ndan Limak Cyprus Deluxe Hotel&#8217;in genel alanlar\u0131n\u0131n bir par\u00e7as\u0131 olarak 15.000 m2&#8217;lik bir alan fitout olarak yap\u0131lm\u0131\u015ft\u0131r.<\/p>\n<div class=\"contact-link  brxy-lists-69ef8c98870ad\"><div class=\"clearfix\"><span>E-posta<\/span><a href=\"mailto:dante@danteproject.de\" target=\"_blank\">dante@danteproject.de<\/a><\/div><div class=\"clearfix\"><span>Tel<\/span><a href=\"tel:49030300114500\" target=\"_blank\">+49 (0)30 300 11 4500<\/a><\/div><\/div>[\/vc_column_text][\/vc_column][\/vc_row][vc_row][vc_column]<div class=\"clearfix\"><a class=\"brxy-btn   brxy-btn-69ef8c9887182 brxy-btn-medium  \" href=\"http:\/\/www.danteproject.de\/tr\/projeler\" target=\"_blank\">Projeleri G\u00f6r\u00fcnt\u00fcle<\/a><\/div>[\/vc_column][\/vc_row]<\/p>\n","protected":false},"excerpt":{"rendered":"[vc_row][vc_column][\/vc_column][\/vc_row][vc_row][vc_column][vc_column_text]Dante, uluslararas\u0131 alanda da otel ve \u00fcst segment restoran projelerinde anahtar teslim projeler yapm\u0131\u015ft\u0131r. \u015eirket, uzmanl\u0131k alan\u0131 olan mobilyada Dante Hotel Furniture markas\u0131yla projelerinde fark yaratmakta ve \u00fcretimini Antalya&#8217;da bulunan 4.500 m2 alanda markas\u0131yla ger\u00e7ekle\u015ftirmektedir. Dante, sahadaki 16 y\u0131ll\u0131k deneyiminde bir\u00e7ok \u00f6nemli tesiste fitout uygulamalar\u0131 ile \u00e7al\u0131\u015fm\u0131\u015ft\u0131r. Rixos Land Of Legends ve Tema Park\u0131, \u015firketin&#8230;","protected":false},"author":1,"featured_media":0,"parent":0,"menu_order":0,"comment_status":"closed","ping_status":"closed","template":"about-me.php","meta":[],"_links":{"self":[{"href":"https:\/\/www.danteproject.de\/tr\/wp-json\/wp\/v2\/pages\/3934\/"}],"collection":[{"href":"https:\/\/www.danteproject.de\/tr\/wp-json\/wp\/v2\/pages\/"}],"about":[{"href":"https:\/\/www.danteproject.de\/tr\/wp-json\/wp\/v2\/types\/page\/"}],"author":[{"embeddable":true,"href":"https:\/\/www.danteproject.de\/tr\/wp-json\/wp\/v2\/users\/1\/"}],"replies":[{"embeddable":true,"href":"https:\/\/www.danteproject.de\/tr\/wp-json\/wp\/v2\/comments\/?post=3934"}],"version-history":[{"count":0,"href":"https:\/\/www.danteproject.de\/tr\/wp-json\/wp\/v2\/pages\/3934\/revisions\/"}],"wp:attachment":[{"href":"https:\/\/www.danteproject.de\/tr\/wp-json\/wp\/v2\/media\/?parent=3934"}],"curies":[{"name":"wp","href":"https:\/\/api.w.org\/{rel}","templated":true}]}}