{"id":3943,"date":"2017-05-07T18:40:53","date_gmt":"2017-05-07T18:40:53","guid":{"rendered":"http:\/\/www.danteproject.de\/services\/"},"modified":"2019-05-22T13:49:07","modified_gmt":"2019-05-22T10:49:07","slug":"hizmetler","status":"publish","type":"page","link":"https:\/\/www.danteproject.de\/tr\/hizmetler\/","title":{"rendered":"Hizmetler"},"content":{"rendered":"<p>[vc_row overlay_dotted=&#8221;&#8221; el_class=&#8221;container&#8221;][vc_column css=&#8221;.vc_custom_1494933874057{padding-right: 0px !important;padding-left: 0px !important;}&#8221;]<div class=\"brxy-services style2\"><div class=\"services-wrap\"><div class=\"service-item service-1\">\n              <div class=\"col-md-6\">\n                <div class=\"service-info\">\n                  <div class=\"brxy-table-container\">\n                    <div class=\"brxy-align-container\">\n                      <div class=\"clearfix\"><i class=\"icon-layers\"><\/i><\/div>\n                      <div class=\"service-title\">FURNITURE(FF)<\/div>\n                      <div class=\"brxy-cta-cnt \" ><p>Firmam\u0131z\u0131n Mobilya \u00fcretimi estetik , ergonomik , kalite ve \u00f6zg\u00fcn tasar\u0131m i\u00e7ermektedir. Ba\u015ftan sona rekabete kadar ba\u015far\u0131l\u0131 bir proje deneyimi sa\u011flamak i\u00e7in t\u00fcm i\u015fleri yetkin bir \u015fekilde yerine getirmek i\u00e7in teknolojik yeteneklere, kaynaklara ve i\u015f\u00e7ili\u011fe sahibiz.<\/p>\n<ul>\n<li>Ana Plan<\/li>\n<li>Tahmin Yapma<\/li>\n<li>Dekor Planlar\u0131<\/li>\n<li>Resmi Tasar\u0131m<\/li>\n<\/ul>\n<\/div>\n                    <\/div>\n                  <\/div>\n                <\/div>\n              <\/div><div class=\"service-picture\"><img src=\"https:\/\/www.danteproject.de\/wp-content\/uploads\/2019\/05\/dante-furniture-services.jpg\" alt=\"FURNITURE(FF)\"><\/div><\/div><div class=\"service-item service-2\">\n              <div class=\"col-md-6\">\n                <div class=\"service-info\">\n                  <div class=\"brxy-table-container\">\n                    <div class=\"brxy-align-container\">\n                      <div class=\"clearfix\"><i class=\"icon-circle-compass\"><\/i><\/div>\n                      <div class=\"service-title\">INTERIOR DESIGN(ID)<\/div>\n                      <div class=\"brxy-cta-cnt \" ><p>Her proje \u00f6zel olarak haz\u0131rlanm\u0131\u015ft\u0131r ve m\u00fc\u015fterilerimizin ihtiya\u00e7lar\u0131na ve zevklerine g\u00f6re kendi hikayesi ve felsefesi vard\u0131r.<\/p>\n<p>Kavramlar\u0131n\u0131 ve fikirlerini anlamaya inan\u0131yoruz ve basit\u00e7e onu m\u00fc\u015fterilerimizin her biri i\u00e7in m\u00fckemmel bir ya\u015fam alan\u0131 yaratmak i\u00e7in g\u00fczellik, uyum ve rahatl\u0131\u011f\u0131n kar\u0131\u015ft\u0131r\u0131ld\u0131\u011f\u0131 ger\u00e7e\u011fe d\u00f6n\u00fc\u015ft\u00fcr\u00fcyoruz.<\/p>\n<ul>\n<li>Ana Pl\u00e2n<\/li>\n<li>3B Model Yap\u0131m\u0131<\/li>\n<li>Kat Planlar\u0131<\/li>\n<li>\u015eematik tasar\u0131m<\/li>\n<\/ul>\n<\/div>\n                    <\/div>\n                  <\/div>\n                <\/div>\n              <\/div><div class=\"service-picture\"><img src=\"https:\/\/www.danteproject.de\/wp-content\/uploads\/2019\/05\/dante-id-services.jpg\" alt=\"INTERIOR DESIGN(ID)\"><\/div><\/div><div class=\"service-item service-3\">\n              <div class=\"col-md-6\">\n                <div class=\"service-info\">\n                  <div class=\"brxy-table-container\">\n                    <div class=\"brxy-align-container\">\n                      <div class=\"clearfix\"><i class=\"icon-expand\"><\/i><\/div>\n                      <div class=\"service-title\">FITOUT PROJECT MANAGEMENT(PM)<\/div>\n                      <div class=\"brxy-cta-cnt \" ><p>B\u00fct\u00e7e dahilinde zaman\u0131nda m\u00fc\u015fterilerimize end\u00fcstri deneyimi, kapsaml\u0131 bilgi ve sistematik bir zamanlama s\u00fcreci sunuyoruz. Y\u00fcksek kalite, zaman\u0131nda tamamlama ve ekonomik maliyet hedefleriniz aras\u0131nda, bir ekibin onlara ula\u015fmas\u0131 i\u00e7in bilgi birikimi sa\u011flamak bizim g\u00f6revimizdir.<\/p>\n<ul>\n<li>Ana Pl\u00e2n<\/li>\n<li>Model Yap\u0131m\u0131<\/li>\n<li>Yarat\u0131c\u0131 Planlar<\/li>\n<li>Son Tasar\u0131m<\/li>\n<\/ul>\n<\/div>\n                    <\/div>\n                  <\/div>\n                <\/div>\n              <\/div><div class=\"service-picture\"><img src=\"https:\/\/www.danteproject.de\/wp-content\/uploads\/2019\/05\/dante-pm-services.jpg\" alt=\"FITOUT PROJECT MANAGEMENT(PM)\"><\/div><\/div><\/div><\/div>[\/vc_column][\/vc_row][vc_row overlay_dotted=&#8221;&#8221;][vc_column][vc_empty_space height=&#8221;85px&#8221;]<div class=\"brxy-request-quote \"><div class=\"container\"><div class=\"brxy-cta-cnt \" ><h3 class=\"brxy-title request-quote-title brxy-title-69ef8e8d9c488\">\u015e\u0130MD\u0130 GELECE\u011e\u0130N\u0130Z\u0130N M\u0130MARLI\u011eINI S\u0130PAR\u0130\u015e ED\u0130N<\/h3>\n<\/div><div class=\"clearfix\"><a class=\"brxy-btn   brxy-btn-69ef8e8d9c4a1  brxy-btn-large \" href=\"http:\/\/www.danteproject.de\/tr\/teklif-istegi\/\" target=\"_blank\">Teklif \u0130ste\u011finde Bulun<\/a><\/div><\/div><\/div>[\/vc_column][\/vc_row]<\/p>\n","protected":false},"excerpt":{"rendered":"[vc_row overlay_dotted=&#8221;&#8221; el_class=&#8221;container&#8221;][vc_column css=&#8221;.vc_custom_1494933874057{padding-right: 0px !important;padding-left: 0px !important;}&#8221;][\/vc_column][\/vc_row][vc_row overlay_dotted=&#8221;&#8221;][vc_column][vc_empty_space height=&#8221;85px&#8221;][\/vc_column][\/vc_row]","protected":false},"author":1,"featured_media":0,"parent":0,"menu_order":0,"comment_status":"closed","ping_status":"closed","template":"","meta":[],"_links":{"self":[{"href":"https:\/\/www.danteproject.de\/tr\/wp-json\/wp\/v2\/pages\/3943\/"}],"collection":[{"href":"https:\/\/www.danteproject.de\/tr\/wp-json\/wp\/v2\/pages\/"}],"about":[{"href":"https:\/\/www.danteproject.de\/tr\/wp-json\/wp\/v2\/types\/page\/"}],"author":[{"embeddable":true,"href":"https:\/\/www.danteproject.de\/tr\/wp-json\/wp\/v2\/users\/1\/"}],"replies":[{"embeddable":true,"href":"https:\/\/www.danteproject.de\/tr\/wp-json\/wp\/v2\/comments\/?post=3943"}],"version-history":[{"count":0,"href":"https:\/\/www.danteproject.de\/tr\/wp-json\/wp\/v2\/pages\/3943\/revisions\/"}],"wp:attachment":[{"href":"https:\/\/www.danteproject.de\/tr\/wp-json\/wp\/v2\/media\/?parent=3943"}],"curies":[{"name":"wp","href":"https:\/\/api.w.org\/{rel}","templated":true}]}}