{"id":3960,"date":"2019-05-21T13:32:30","date_gmt":"2019-05-21T10:32:30","guid":{"rendered":"http:\/\/www.danteproject.de\/iletisim\/"},"modified":"2020-07-28T16:27:51","modified_gmt":"2020-07-28T13:27:51","slug":"iletisim","status":"publish","type":"page","link":"https:\/\/www.danteproject.de\/tr\/iletisim\/","title":{"rendered":"\u0130leti\u015fim"},"content":{"rendered":"<p>[vc_row][vc_column css=&#8221;.vc_custom_1495388725559{padding-right: 0px !important;padding-left: 0px !important;}&#8221;][vc_row_inner el_class=&#8221;container&#8221;][vc_column_inner width=&#8221;1\/3&#8243; css=&#8221;.vc_custom_1494908909020{padding-left: 0px !important;}&#8221;]<div class=\"contact-list \"><h6>GENEL BiLG\u0130<\/h6>\n<p>Dante Project &amp; Design<br \/>\nLydia-Rabinowitsch-Stra\u00dfe 6,<br \/>\n10557 Berlin\/Germany<\/p>\n<p><a href=\"mailto:dante@danteproject.de\">dante@danteproject.de<\/a><br \/>\n<a href=\"tel:49030300114500\">+(49) (0) 30 300 11 4500<\/a><\/p>\n<\/div><div class=\"contact-list \"><h6>YEN\u0130 \u0130\u015e<\/h6>\n<p><a href=\"mailto:dante@danteproject.de\">dante@danteproject.de<\/a><br \/>\n<a href=\"tel:49030300114500\">+(49) (0) 30 300 11 4500<\/a><\/p>\n<\/div><div class=\"contact-list \"><h6>Sosyal Ba\u011flant\u0131<\/h6>\n<div class=\"brxy-social circle-social  brxy-socials-69ef9ece34993\"><a href=\"https:\/\/www.pinterest.de\/danteprojectanddesign\"\"><i class=\"fa fa-pinterest-p\"><\/i><\/a><a href=\"https:\/\/www.instagram.com\/danteprojectanddesign\"\"><i class=\"fa fa-instagram\"><\/i><\/a><a href=\"#\"\"><i class=\"fa fa-linkedin\"><\/i><\/a><\/div>\n<\/div>[\/vc_column_inner][vc_column_inner el_class=&#8221;brxy-form&#8221; width=&#8221;2\/3&#8243; css=&#8221;.vc_custom_1495389669960{padding-right: 0px !important;}&#8221;]<div class=\"brxy-contact-form  brxy-form brixey-contact-page-form brxy-contact-69ef9ece34a5c\"><div role=\"form\" class=\"wpcf7\" id=\"wpcf7-f3968-o1\" lang=\"en-US\" dir=\"ltr\">\n<div class=\"screen-reader-response\"><\/div>\n<form action=\"\/tr\/wp-json\/wp\/v2\/pages\/3960\/#wpcf7-f3968-o1\" method=\"post\" class=\"wpcf7-form\" novalidate=\"novalidate\">\n<div style=\"display: none;\">\n<input type=\"hidden\" name=\"_wpcf7\" value=\"3968\" \/>\n<input type=\"hidden\" name=\"_wpcf7_version\" value=\"5.1.1\" \/>\n<input type=\"hidden\" name=\"_wpcf7_locale\" value=\"en_US\" \/>\n<input type=\"hidden\" name=\"_wpcf7_unit_tag\" value=\"wpcf7-f3968-o1\" \/>\n<input type=\"hidden\" name=\"_wpcf7_container_post\" value=\"0\" \/>\n<input type=\"hidden\" name=\"g-recaptcha-response\" value=\"\" \/>\n<\/div>\n<p class=\"col-md-6 col-sm-6\"><span class=\"wpcf7-form-control-wrap your-name\"><input type=\"text\" name=\"your-name\" value=\"\" size=\"40\" class=\"wpcf7-form-control wpcf7-text wpcf7-validates-as-required\" aria-required=\"true\" aria-invalid=\"false\" placeholder=\"Ad\" \/><\/span><\/p>\n<p class=\"col-md-6 col-sm-6 last\"><span class=\"wpcf7-form-control-wrap your-email\"><input type=\"email\" name=\"your-email\" value=\"\" size=\"40\" class=\"wpcf7-form-control wpcf7-text wpcf7-email wpcf7-validates-as-required wpcf7-validates-as-email\" aria-required=\"true\" aria-invalid=\"false\" placeholder=\"E-posta\" \/><\/span><\/p>\n<p class=\"col-md-12 col-sm-12\"><span class=\"wpcf7-form-control-wrap your-subject\"><input type=\"text\" name=\"your-subject\" value=\"\" size=\"40\" class=\"wpcf7-form-control wpcf7-text\" aria-invalid=\"false\" placeholder=\"Konu\" \/><\/span><\/p>\n<p><span class=\"wpcf7-form-control-wrap your-message\"><textarea name=\"your-message\" cols=\"40\" rows=\"10\" class=\"wpcf7-form-control wpcf7-textarea wpcf7-validates-as-required\" aria-required=\"true\" aria-invalid=\"false\" placeholder=\"D\u00fc\u015f\u00fcncelerinizi yaz\u0131n...\"><\/textarea><\/span><\/p>\n<p><input type=\"submit\" value=\"G\u00f6nder\" class=\"wpcf7-form-control wpcf7-submit submit-one hover-one\" \/><\/p>\n<div class=\"wpcf7-response-output wpcf7-display-none\"><\/div><\/form><\/div><\/div>[\/vc_column_inner][\/vc_row_inner][\/vc_column][\/vc_row][vc_row][vc_column][vc_empty_space height=&#8221;110px&#8221;][\/vc_column][\/vc_row][vc_row][vc_column]<div id=\"1\" class=\"\"><div id=\"map-69ef9ece3542f\" class=\"brxy-map  brxy-gmap-69ef9ece3542f\"><\/div><\/div>    <script type=\"text\/javascript\">\n    \/\/ Custom Map Script\n    jQuery(document).ready(function($) {\n      $(\"#map-69ef9ece3542f\").googleMap({\n        zoom: 16,\n        type: \"ROADMAP\",\n        styles: [{\"featureType\":\"all\",\"elementType\":\"labels.text.fill\",\"stylers\":[{\"saturation\":36},{\"color\":\"#000000\"},{\"lightness\":40}]},{\"featureType\":\"all\",\"elementType\":\"labels.text.stroke\",\"stylers\":[{\"visibility\":\"on\"},{\"color\":\"#000000\"},{\"lightness\":16}]},{\"featureType\":\"all\",\"elementType\":\"labels.icon\",\"stylers\":[{\"visibility\":\"off\"}]},{\"featureType\":\"administrative\",\"elementType\":\"geometry.fill\",\"stylers\":[{\"color\":\"#000000\"},{\"lightness\":20}]},{\"featureType\":\"administrative\",\"elementType\":\"geometry.stroke\",\"stylers\":[{\"color\":\"#000000\"},{\"lightness\":17},{\"weight\":1.2}]},{\"featureType\":\"landscape\",\"elementType\":\"geometry\",\"stylers\":[{\"color\":\"#000000\"},{\"lightness\":20}]},{\"featureType\":\"poi\",\"elementType\":\"geometry\",\"stylers\":[{\"color\":\"#000000\"},{\"lightness\":21}]},{\"featureType\":\"road.highway\",\"elementType\":\"geometry.fill\",\"stylers\":[{\"color\":\"#000000\"},{\"lightness\":17}]},{\"featureType\":\"road.highway\",\"elementType\":\"geometry.stroke\",\"stylers\":[{\"color\":\"#000000\"},{\"lightness\":29},{\"weight\":0.2}]},{\"featureType\":\"road.arterial\",\"elementType\":\"geometry\",\"stylers\":[{\"color\":\"#000000\"},{\"lightness\":18}]},{\"featureType\":\"road.local\",\"elementType\":\"geometry\",\"stylers\":[{\"color\":\"#000000\"},{\"lightness\":16}]},{\"featureType\":\"transit\",\"elementType\":\"geometry\",\"stylers\":[{\"color\":\"#000000\"},{\"lightness\":19}]},{\"featureType\":\"water\",\"elementType\":\"geometry\",\"stylers\":[{\"color\":\"#000000\"},{\"lightness\":17}]}],\n        streetViewControl: false,\n        scrollwheel: false,\n        mapTypeControl: false,\n                    coords: [52.5314086, 13.3661134],\n                  });\n            $(\"#map-69ef9ece3542f\").addMarker({\n        coords: [52.5314086, 13.3661134],\n        icon: 'https:\/\/www.danteproject.de\/wp-content\/plugins\/brixey-core\/assets\/images\/map-marker.png',\n        title: \"Head Office\",text: \"Lydia-Rabinowitsch-Stra\u00dfe 6, 10557 Berlin, Almanya\",      });\n          });\n    <\/script>\n[\/vc_column][\/vc_row][vc_row disable_element=&#8221;yes&#8221; overlay_dotted=&#8221;&#8221; el_class=&#8221;brxy-location container&#8221;][vc_column css=&#8221;.vc_custom_1495388741576{padding-right: 0px !important;padding-left: 0px !important;}&#8221;][vc_row_inner el_class=&#8221;row&#8221;][vc_column_inner width=&#8221;1\/3&#8243;]<div class=\"location-list  \"><h5 class=\"location-title\">VICTORIAN OFFICE<\/h5><ul><li ><a href=\"https:\/\/www.google.co.in\/maps\/place\/Simpson+Desert+Regional+Reserve,+Simpson+Desert+SA+5734,+Australia\/@-29.2033075,136.5360038,6z\/data=!4m13!1m7!3m6!1s0x2b2bfd076787c5df:0x538267a1955b1352!2sAustralia!3b1!8m2!3d-25.274398!4d133.775136!3m4!1s0x6a62ab5a1599579d:0xfae4229678321f2e!8m2!3d-27.0493416!4d137.1368408?hl=en&hl=en\" target=\"_blank\">13 Archsland Drive, Braeside <br>\nVictoria, Australia 6254<\/a><\/li><li class=\"contact-link\"><span>Mail<\/span> <a href=\"mailto:Info@yourdomain.com \" target=\"_blank\">Info@yourdomain.com <\/a><\/li><li class=\"contact-link\"><span>Tell<\/span> <a href=\"tel:017604871301\" target=\"_blank\">(01) 760 487 1301<\/a><\/li><li >Monday - Friday <span>10.00 to 18.00<\/span><\/li><\/ul><div class=\"clearfix\"><a href=\"https:\/\/www.google.co.in\/maps\/place\/Simpson+Desert+Regional+Reserve,+Simpson+Desert+SA+5734,+Australia\/@-29.2033075,136.5360038,6z\/data=!4m13!1m7!3m6!1s0x2b2bfd076787c5df:0x538267a1955b1352!2sAustralia!3b1!8m2!3d-25.274398!4d133.775136!3m4!1s0x6a62ab5a1599579d:0xfae4229678321f2e!8m2!3d-27.0493416!4d137.1368408?hl=en&#038;hl=en\" target=\"_blank\" class=\"brxy-btn brxy-btn-small-2 brxy-btn-gray-border\"><i class=\"fa fa-map-marker\" aria-hidden=\"true\"><\/i> Get Direction<\/a><\/div><\/div>[\/vc_column_inner][vc_column_inner width=&#8221;1\/3&#8243;]<div class=\"location-list  \"><h5 class=\"location-title\">CANBERRA OFFICE<\/h5><ul><li ><a href=\"https:\/\/www.google.co.in\/maps\/place\/Plumridge+Lakes+WA+6431,+Australia\/@-29.6657922,124.7256227,8z\/data=!3m1!4b1!4m13!1m7!3m6!1s0x2b2bfd076787c5df:0x538267a1955b1352!2sAustralia!3b1!8m2!3d-25.274398!4d133.775136!3m4!1s0x2b07352aa6e1b50f:0x400f6382479d8c0!8m2!3d-29.2768163!4d124.6838379?hl=en&hl=en\" target=\"_blank\">03 Alllen Drive, East Coast <br>\nCanberra, Australia 0506<\/a><\/li><li class=\"contact-link\"><span>Mail<\/span> <a href=\"mailto:Info@yourdomain.com \" target=\"_blank\">Info@yourdomain.com <\/a><\/li><li class=\"contact-link\"><span>Tell<\/span> <a href=\"tel:017604871301\" target=\"_blank\">(01) 760 487 1301<\/a><\/li><li >Monday - Friday <span>10.00 to 18.00<\/span><\/li><\/ul><div class=\"clearfix\"><a href=\"https:\/\/www.google.co.in\/maps\/place\/Plumridge+Lakes+WA+6431,+Australia\/@-29.6657922,124.7256227,8z\/data=!3m1!4b1!4m13!1m7!3m6!1s0x2b2bfd076787c5df:0x538267a1955b1352!2sAustralia!3b1!8m2!3d-25.274398!4d133.775136!3m4!1s0x2b07352aa6e1b50f:0x400f6382479d8c0!8m2!3d-29.2768163!4d124.6838379?hl=en&#038;hl=en\" target=\"_blank\" class=\"brxy-btn brxy-btn-small-2 brxy-btn-gray-border\"><i class=\"fa fa-map-marker\" aria-hidden=\"true\"><\/i> Get Direction<\/a><\/div><\/div>[\/vc_column_inner][vc_column_inner width=&#8221;1\/3&#8243;]<div class=\"location-list  \"><h5 class=\"location-title\">MELBOURNE OFFICE<\/h5><ul><li ><a href=\"https:\/\/www.google.co.in\/maps\/place\/Braeside+VIC+3195,+Australia\/@-38.0014552,145.115229,15z\/data=!3m1!4b1!4m5!3m4!1s0x6ad66d2660903fbf:0x5045675218cdff0!8m2!3d-38!4d145.125\" target=\"_blank\">Enterprise Street, Modendiner<br>\nMelbourne, AU 8664<\/a><\/li><li class=\"contact-link\"><span>Mail<\/span> <a href=\"mailto:Info@yourdomain.com \" target=\"_blank\">Info@yourdomain.com <\/a><\/li><li class=\"contact-link\"><span>Tell<\/span> <a href=\"tel:017604871301\" target=\"_blank\">(01) 760 487 1301<\/a><\/li><li >Monday - Friday <span>10.00 to 18.00<\/span><\/li><\/ul><div class=\"clearfix\"><a href=\"https:\/\/www.google.co.in\/maps\/place\/Braeside+VIC+3195,+Australia\/@-38.0014552,145.115229,15z\/data=!3m1!4b1!4m5!3m4!1s0x6ad66d2660903fbf:0x5045675218cdff0!8m2!3d-38!4d145.125\" target=\"_blank\" class=\"brxy-btn brxy-btn-small-2 brxy-btn-gray-border\"><i class=\"fa fa-map-marker\" aria-hidden=\"true\"><\/i> Get Direction<\/a><\/div><\/div>[\/vc_column_inner][\/vc_row_inner][\/vc_column][\/vc_row]<\/p>\n","protected":false},"excerpt":{"rendered":"[vc_row][vc_column css=&#8221;.vc_custom_1495388725559{padding-right: 0px !important;padding-left: 0px !important;}&#8221;][vc_row_inner el_class=&#8221;container&#8221;][vc_column_inner width=&#8221;1\/3&#8243; css=&#8221;.vc_custom_1494908909020{padding-left: 0px !important;}&#8221;][\/vc_column_inner][vc_column_inner el_class=&#8221;brxy-form&#8221; width=&#8221;2\/3&#8243; css=&#8221;.vc_custom_1495389669960{padding-right: 0px !important;}&#8221;][\/vc_column_inner][\/vc_row_inner][\/vc_column][\/vc_row][vc_row][vc_column][vc_empty_space height=&#8221;110px&#8221;][\/vc_column][\/vc_row][vc_row][vc_column][\/vc_column][\/vc_row][vc_row disable_element=&#8221;yes&#8221; overlay_dotted=&#8221;&#8221; el_class=&#8221;brxy-location container&#8221;][vc_column css=&#8221;.vc_custom_1495388741576{padding-right: 0px !important;padding-left: 0px !important;}&#8221;][vc_row_inner el_class=&#8221;row&#8221;][vc_column_inner width=&#8221;1\/3&#8243;][\/vc_column_inner][vc_column_inner width=&#8221;1\/3&#8243;][\/vc_column_inner][vc_column_inner width=&#8221;1\/3&#8243;][\/vc_column_inner][\/vc_row_inner][\/vc_column][\/vc_row]","protected":false},"author":1,"featured_media":0,"parent":0,"menu_order":0,"comment_status":"closed","ping_status":"closed","template":"","meta":[],"_links":{"self":[{"href":"https:\/\/www.danteproject.de\/tr\/wp-json\/wp\/v2\/pages\/3960\/"}],"collection":[{"href":"https:\/\/www.danteproject.de\/tr\/wp-json\/wp\/v2\/pages\/"}],"about":[{"href":"https:\/\/www.danteproject.de\/tr\/wp-json\/wp\/v2\/types\/page\/"}],"author":[{"embeddable":true,"href":"https:\/\/www.danteproject.de\/tr\/wp-json\/wp\/v2\/users\/1\/"}],"replies":[{"embeddable":true,"href":"https:\/\/www.danteproject.de\/tr\/wp-json\/wp\/v2\/comments\/?post=3960"}],"version-history":[{"count":4,"href":"https:\/\/www.danteproject.de\/tr\/wp-json\/wp\/v2\/pages\/3960\/revisions\/"}],"predecessor-version":[{"id":4179,"href":"https:\/\/www.danteproject.de\/tr\/wp-json\/wp\/v2\/pages\/3960\/revisions\/4179\/"}],"wp:attachment":[{"href":"https:\/\/www.danteproject.de\/tr\/wp-json\/wp\/v2\/media\/?parent=3960"}],"curies":[{"name":"wp","href":"https:\/\/api.w.org\/{rel}","templated":true}]}}